{"id":97,"date":"2025-09-06T18:32:48","date_gmt":"2025-09-06T18:32:48","guid":{"rendered":"https:\/\/www.zdravje-plus.com\/shop\/?post_type=product&#038;p=97"},"modified":"2025-09-06T18:32:48","modified_gmt":"2025-09-06T18:32:48","slug":"cardifix","status":"publish","type":"product","link":"https:\/\/www.zdravje-plus.com\/shop\/izdelek\/cardifix\/","title":{"rendered":"Cardifix"},"content":{"rendered":"<p class=\"text-body font-regular leading-[24px] pt-[9px] pb-xxs\" dir=\"ltr\">Cardifix so kapsule, namenjene podpori pri uravnavanju hipertenzije. Hipertenzija ali povi\u0161an krvni tlak je stanje, pri katerem je sila krvi na stene arterij stalno previsoka. To lahko s\u010dasoma po\u0161koduje krvne \u017eile in povzro\u010di resne zdravstvene te\u017eave, kot so bolezni srca, mo\u017eganska kap in odpoved ledvic. Cardifix je formuliran tako, da s svojimi naravnimi sestavinami pomaga pri spro\u0161\u010danju in \u0161irjenju krvnih \u017eil, kar olaj\u0161a pretok krvi in posledi\u010dno zni\u017ea pritisk na arterijske stene. Njegova uporaba je namenjena kot dodatek k zdravemu \u017eivljenjskemu slogu, ki vklju\u010duje uravnote\u017eeno prehrano in redno telesno aktivnost.<\/p>\n<h2 class=\"font-semibold pdf-heading-class-replace text-h3 leading-[40px] pb-xxs [&amp;:not(:first-child)]:pt-[21px] [&amp;_a]:underline-offset-[6px] [&amp;_.underline]:underline-offset-[6px]\" dir=\"ltr\">Kako deluje Cardifix?<\/h2>\n<p class=\"text-body font-regular leading-[24px] pt-[9px] pb-xxs\" dir=\"ltr\">Delovanje Cardifixa temelji na sinergijskem u\u010dinku njegovih sestavin, ki so skrbno izbrane za podporo sr\u010dno-\u017eilnemu sistemu. Kapsule delujejo na ve\u010d ravneh:<\/p>\n<ol class=\"pt-[9px] pb-xxs pl-5xl list-decimal\">\n<li class=\"text-body font-regular leading-[24px] my-[5px] [&amp;&gt;ol]:!pt-0 [&amp;&gt;ol]:!pb-0 [&amp;&gt;ul]:!pt-0 [&amp;&gt;ul]:!pb-0\" dir=\"ltr\" value=\"1\"><b><strong class=\"font-semibold\">Normalizacija krvnega tlaka<\/strong><\/b>: Glavni mehanizem delovanja je usmerjen v postopno in naravno zni\u017eevanje visokega krvnega tlaka. To dose\u017ee s spodbujanjem sprostitve krvnih \u017eil.<\/li>\n<li class=\"text-body font-regular leading-[24px] my-[5px] [&amp;&gt;ol]:!pt-0 [&amp;&gt;ol]:!pb-0 [&amp;&gt;ul]:!pt-0 [&amp;&gt;ul]:!pb-0\" dir=\"ltr\" value=\"2\"><b><strong class=\"font-semibold\">Krepitev sten krvnih \u017eil<\/strong><\/b>: Sestavine pomagajo izbolj\u0161ati elasti\u010dnost in trdnost arterijskih sten, kar zmanj\u0161uje tveganje za po\u0161kodbe in nastanek anevrizem.<\/li>\n<li class=\"text-body font-regular leading-[24px] my-[5px] [&amp;&gt;ol]:!pt-0 [&amp;&gt;ol]:!pb-0 [&amp;&gt;ul]:!pt-0 [&amp;&gt;ul]:!pb-0\" dir=\"ltr\" value=\"3\"><b><strong class=\"font-semibold\">Zmanj\u0161anje ravni holesterola<\/strong><\/b>: Cardifix prispeva k uravnavanju ravni holesterola v krvi, kar prepre\u010duje nastajanje oblog (plakov) v arterijah in ohranja njihovo prehodnost.<\/li>\n<li class=\"text-body font-regular leading-[24px] my-[5px] [&amp;&gt;ol]:!pt-0 [&amp;&gt;ol]:!pb-0 [&amp;&gt;ul]:!pt-0 [&amp;&gt;ul]:!pb-0\" dir=\"ltr\" value=\"4\"><b><strong class=\"font-semibold\">Podpora sr\u010dni funkciji<\/strong><\/b>: Z uravnavanjem tlaka in izbolj\u0161anjem cirkulacije se zmanj\u0161a obremenitev srca, kar pripomore k njegovemu bolj u\u010dinkovitemu delovanju.<\/li>\n<\/ol>\n<p class=\"text-body font-regular leading-[24px] pt-[9px] pb-xxs\" dir=\"ltr\">Z redno uporabo Cardifix pomaga ustvariti bolj zdravo notranje okolje za srce in o\u017eilje, kar dolgoro\u010dno prispeva k bolj\u0161emu po\u010dutju.<\/p>\n<h2 class=\"font-semibold pdf-heading-class-replace text-h3 leading-[40px] pb-xxs [&amp;:not(:first-child)]:pt-[21px] [&amp;_a]:underline-offset-[6px] [&amp;_.underline]:underline-offset-[6px]\" dir=\"ltr\">Cardifix \u2013 Sestava in sestavine<\/h2>\n<p class=\"text-body font-regular leading-[24px] pt-[9px] pb-xxs\" dir=\"ltr\">U\u010dinkovitost Cardifixa izvira iz njegove premi\u0161ljeno zasnovane naravne sestave. Vsaka sestavina je bila izbrana zaradi svojih specifi\u010dnih lastnosti, ki podpirajo zdravje srca in o\u017eilja.<\/p>\n<ul class=\"pt-[9px] pb-xxs pl-5xl list-disc pt-[5px]\">\n<li class=\"text-body font-regular leading-[24px] my-[5px] [&amp;&gt;ol]:!pt-0 [&amp;&gt;ol]:!pb-0 [&amp;&gt;ul]:!pt-0 [&amp;&gt;ul]:!pb-0\" dir=\"ltr\" value=\"1\"><b><strong class=\"font-semibold\">Listi oljke<\/strong><\/b>: Olj\u010dni listi so \u017ee stoletja poznani po svojih blagodejnih u\u010dinkih. Vsebujejo oleuropein, mo\u010dan antioksidant, ki pomaga pri \u0161irjenju krvnih \u017eil in tako prispeva k zni\u017eevanju krvnega tlaka.<\/li>\n<li class=\"text-body font-regular leading-[24px] my-[5px] [&amp;&gt;ol]:!pt-0 [&amp;&gt;ol]:!pb-0 [&amp;&gt;ul]:!pt-0 [&amp;&gt;ul]:!pb-0\" dir=\"ltr\" value=\"2\"><b><strong class=\"font-semibold\">Glog<\/strong><\/b>: Glog je ena najbolj cenjenih rastlin za zdravje srca. Podpira normalno delovanje srca, izbolj\u0161uje prekrvavitev sr\u010dne mi\u0161ice in pomaga uravnavati sr\u010dni ritem.<\/li>\n<li class=\"text-body font-regular leading-[24px] my-[5px] [&amp;&gt;ol]:!pt-0 [&amp;&gt;ol]:!pb-0 [&amp;&gt;ul]:!pt-0 [&amp;&gt;ul]:!pb-0\" dir=\"ltr\" value=\"3\"><b><strong class=\"font-semibold\">Vitamini skupine B<\/strong><\/b>: Vitamini, kot sta B1 (tiamin) in B6 (piridoksin), imajo klju\u010dno vlogo pri normalnem delovanju \u017eiv\u010dnega sistema, ki posredno vpliva na uravnavanje krvnega tlaka. Prav tako prispevajo k presnovi energije v telesu.<\/li>\n<li class=\"text-body font-regular leading-[24px] my-[5px] [&amp;&gt;ol]:!pt-0 [&amp;&gt;ol]:!pb-0 [&amp;&gt;ul]:!pt-0 [&amp;&gt;ul]:!pb-0\" dir=\"ltr\" value=\"4\"><b><strong class=\"font-semibold\">Hibiskus<\/strong><\/b>: Izvle\u010dek hibiskusa je znan po svojih diureti\u010dnih lastnostih, kar pomeni, da pomaga telesu izlo\u010diti odve\u010dno sol in vodo, s \u010dimer se lahko zmanj\u0161a volumen krvi in posledi\u010dno krvni tlak.<\/li>\n<li class=\"text-body font-regular leading-[24px] my-[5px] [&amp;&gt;ol]:!pt-0 [&amp;&gt;ol]:!pb-0 [&amp;&gt;ul]:!pt-0 [&amp;&gt;ul]:!pb-0\" dir=\"ltr\" value=\"5\"><b><strong class=\"font-semibold\">\u010cesen<\/strong><\/b>: \u010cesen je naravni zaveznik pri uravnavanju krvnega tlaka in holesterola. Pomaga pri spro\u0161\u010danju krvnih \u017eil in prepre\u010duje nastajanje krvnih strdkov.<\/li>\n<\/ul>\n<h2 class=\"font-semibold pdf-heading-class-replace text-h3 leading-[40px] pb-xxs [&amp;:not(:first-child)]:pt-[21px] [&amp;_a]:underline-offset-[6px] [&amp;_.underline]:underline-offset-[6px]\" dir=\"ltr\">Cardifix \u2013 Koristi in rezultati<\/h2>\n<p class=\"text-body font-regular leading-[24px] pt-[9px] pb-xxs\" dir=\"ltr\">Uporabniki Cardifixa poro\u010dajo o \u0161tevilnih pozitivnih u\u010dinkih, ki prispevajo k splo\u0161nemu izbolj\u0161anju zdravja in kakovosti \u017eivljenja.<\/p>\n<ul class=\"pt-[9px] pb-xxs pl-5xl list-disc pt-[5px]\">\n<li class=\"text-body font-regular leading-[24px] my-[5px] [&amp;&gt;ol]:!pt-0 [&amp;&gt;ol]:!pb-0 [&amp;&gt;ul]:!pt-0 [&amp;&gt;ul]:!pb-0\" dir=\"ltr\" value=\"1\"><b><strong class=\"font-semibold\">Stabilizacija krvnega tlaka<\/strong><\/b>: Najpomembnej\u0161a prednost je postopna normalizacija krvnega tlaka, kar zmanj\u0161uje tveganje za resne sr\u010dno-\u017eilne dogodke.<\/li>\n<li class=\"text-body font-regular leading-[24px] my-[5px] [&amp;&gt;ol]:!pt-0 [&amp;&gt;ol]:!pb-0 [&amp;&gt;ul]:!pt-0 [&amp;&gt;ul]:!pb-0\" dir=\"ltr\" value=\"2\"><b><strong class=\"font-semibold\">Izbolj\u0161ano po\u010dutje<\/strong><\/b>: Z uravnavanjem tlaka izginejo neprijetni simptomi, kot so glavoboli, vrtoglavica in ob\u010dutek pritiska v glavi.<\/li>\n<li class=\"text-body font-regular leading-[24px] my-[5px] [&amp;&gt;ol]:!pt-0 [&amp;&gt;ol]:!pb-0 [&amp;&gt;ul]:!pt-0 [&amp;&gt;ul]:!pb-0\" dir=\"ltr\" value=\"3\"><b><strong class=\"font-semibold\">Ve\u010d energije<\/strong><\/b>: Bolj\u0161a cirkulacija in manj\u0161a obremenitev srca pomenita, da ima telo na voljo ve\u010d energije za vsakodnevne aktivnosti.<\/li>\n<li class=\"text-body font-regular leading-[24px] my-[5px] [&amp;&gt;ol]:!pt-0 [&amp;&gt;ol]:!pb-0 [&amp;&gt;ul]:!pt-0 [&amp;&gt;ul]:!pb-0\" dir=\"ltr\" value=\"4\"><b><strong class=\"font-semibold\">Zmanj\u0161anje stresa in tesnobe<\/strong><\/b>: Nekatere sestavine imajo pomirjujo\u010d u\u010dinek na \u017eiv\u010dni sistem, kar pomaga pri obvladovanju stresa, ki je pogost spro\u017eilec visokega tlaka.<\/li>\n<li class=\"text-body font-regular leading-[24px] my-[5px] [&amp;&gt;ol]:!pt-0 [&amp;&gt;ol]:!pb-0 [&amp;&gt;ul]:!pt-0 [&amp;&gt;ul]:!pb-0\" dir=\"ltr\" value=\"5\"><b><strong class=\"font-semibold\">Dolgoro\u010dna za\u0161\u010dita srca in o\u017eilja<\/strong><\/b>: Z redno uporabo Cardifix pomaga ohranjati zdravje krvnih \u017eil in srca, kar predstavlja pomembno nalo\u017ebo v prihodnost.<\/li>\n<\/ul>\n<h2 class=\"font-semibold pdf-heading-class-replace text-h3 leading-[40px] pb-xxs [&amp;:not(:first-child)]:pt-[21px] [&amp;_a]:underline-offset-[6px] [&amp;_.underline]:underline-offset-[6px]\" dir=\"ltr\">Kje kupiti Cardifix v Sloveniji? Lekarna, DM, Merkur<\/h2>\n<p class=\"text-body font-regular leading-[24px] pt-[9px] pb-xxs\" dir=\"ltr\">Morda se spra\u0161ujete, kje lahko kupite originalni Cardifix. Pomembno je vedeti, da <b><strong class=\"font-semibold\">Cardifix ni na voljo v fizi\u010dnih trgovinah, kot so lekarne, DM ali Merkur<\/strong><\/b>. Proizvajalec se je odlo\u010dil za izklju\u010dno spletno prodajo, da bi zagotovil pristnost izdelka in prepre\u010dil prodajo ponaredkov.<\/p>\n<p class=\"text-body font-regular leading-[24px] pt-[9px] pb-xxs\" dir=\"ltr\">Nakup je mogo\u010d <b><strong class=\"font-semibold\">samo preko uradne spletne strani proizvajalca<\/strong><\/b>. To zagotavlja, da boste prejeli originalen in varen izdelek ter imeli dostop do vseh aktualnih ponudb in popustov.<\/p>\n<h2 class=\"font-semibold pdf-heading-class-replace text-h3 leading-[40px] pb-xxs [&amp;:not(:first-child)]:pt-[21px] [&amp;_a]:underline-offset-[6px] [&amp;_.underline]:underline-offset-[6px]\" dir=\"ltr\">Koliko stane Cardifix? Cena<\/h2>\n<p class=\"text-body font-regular leading-[24px] pt-[9px] pb-xxs\" dir=\"ltr\">Cena je pogosto pomemben dejavnik pri odlo\u010ditvi za nakup. Proizvajalec redno ponuja promocijske akcije, ki omogo\u010dajo ugodnej\u0161i nakup. Trenutna cena za eno pakiranje Cardifixa je <b><strong class=\"font-semibold\">39 evrov<\/strong><\/b>. Priporo\u010dljivo je redno preverjati uradno spletno stran, saj so tam pogosto na voljo posebne ponudbe, kot je nakup ve\u010d pakiranj po zni\u017eani ceni.<\/p>\n<h2 class=\"font-semibold pdf-heading-class-replace text-h3 leading-[40px] pb-xxs [&amp;:not(:first-child)]:pt-[21px] [&amp;_a]:underline-offset-[6px] [&amp;_.underline]:underline-offset-[6px]\" dir=\"ltr\">Kako se zdravilo Cardifix uporablja? Navodilo za uporabo<\/h2>\n<p class=\"text-body font-regular leading-[24px] pt-[9px] pb-xxs\" dir=\"ltr\">Za doseganje najbolj\u0161ih rezultatov je klju\u010dnega pomena pravilna in redna uporaba. Priporo\u010deno je jemanje <b><strong class=\"font-semibold\">ene do dveh kapsul na dan<\/strong><\/b>, najbolje z obrokom in kozarcem vode. Natan\u010dna navodila so prilo\u017eena izdelku, zato je pomembno, da jih pred prvo uporabo natan\u010dno preberete. Priporo\u010da se dolgotrajnej\u0161e jemanje, da se lahko poka\u017eejo vsi pozitivni u\u010dinki izdelka na telo.<\/p>\n<h2 class=\"font-semibold pdf-heading-class-replace text-h3 leading-[40px] pb-xxs [&amp;:not(:first-child)]:pt-[21px] [&amp;_a]:underline-offset-[6px] [&amp;_.underline]:underline-offset-[6px]\" dir=\"ltr\">Cardifix &#8211; Kontraindikacije in stranski u\u010dinki<\/h2>\n<p class=\"text-body font-regular leading-[24px] pt-[9px] pb-xxs\" dir=\"ltr\">Cardifix je izdelan iz naravnih sestavin, zato ga ve\u010dina ljudi dobro prena\u0161a in nima stranskih u\u010dinkov. Vendar pa, kot pri vsakem prehranskem dopolnilu, obstajajo dolo\u010dene kontraindikacije. Izdelka naj ne uporabljajo osebe, ki so alergi\u010dne na katero koli od sestavin. Nose\u010dnicam, doje\u010dim materam in osebam, ki jemljejo druga zdravila (predvsem za zni\u017eevanje tlaka), se pred uporabo svetuje posvet z zdravnikom.<\/p>\n","protected":false},"excerpt":{"rendered":"<p>Cardifix so kapsule, namenjene podpori pri uravnavanju hipertenzije. Hipertenzija ali povi\u0161an krvni tlak je stanje, pri katerem je sila krvi na stene arterij stalno previsoka. To lahko s\u010dasoma po\u0161koduje krvne \u017eile in povzro\u010di resne zdravstvene te\u017eave, kot so bolezni srca, mo\u017eganska kap in odpoved ledvic. Cardifix je formuliran tako, da s svojimi naravnimi sestavinami pomaga [&hellip;]<\/p>\n","protected":false},"featured_media":98,"template":"","meta":{"iawp_total_views":4},"product_brand":[],"product_cat":[15],"product_tag":[],"class_list":{"0":"post-97","1":"product","2":"type-product","3":"status-publish","4":"has-post-thumbnail","6":"product_cat-zdravje","8":"entry","9":"has-media","11":"first","12":"instock","13":"sale","14":"shipping-taxable","15":"purchasable","16":"product-type-simple","17":"has-product-nav","18":"col","19":"span_1_of_3","20":"owp-content-center","21":"owp-thumbs-layout-horizontal","22":"owp-btn-normal","23":"owp-tabs-layout-horizontal","24":"has-no-thumbnails"},"yoast_head":"<!-- This site is optimized with the Yoast SEO plugin v27.3 - https:\/\/yoast.com\/product\/yoast-seo-wordpress\/ -->\n<title>Cardifix - Zdravje Shop<\/title>\n<meta name=\"robots\" content=\"index, follow, max-snippet:-1, max-image-preview:large, max-video-preview:-1\" \/>\n<link rel=\"canonical\" href=\"https:\/\/www.zdravje-plus.com\/shop\/izdelek\/cardifix\/\" \/>\n<meta property=\"og:locale\" content=\"sl_SI\" \/>\n<meta property=\"og:type\" content=\"article\" \/>\n<meta property=\"og:title\" content=\"Cardifix - Zdravje Shop\" \/>\n<meta property=\"og:description\" content=\"Cardifix so kapsule, namenjene podpori pri uravnavanju hipertenzije. Hipertenzija ali povi\u0161an krvni tlak je stanje, pri katerem je sila krvi na stene arterij stalno previsoka. To lahko s\u010dasoma po\u0161koduje krvne \u017eile in povzro\u010di resne zdravstvene te\u017eave, kot so bolezni srca, mo\u017eganska kap in odpoved ledvic. Cardifix je formuliran tako, da s svojimi naravnimi sestavinami pomaga [&hellip;]\" \/>\n<meta property=\"og:url\" content=\"https:\/\/www.zdravje-plus.com\/shop\/izdelek\/cardifix\/\" \/>\n<meta property=\"og:site_name\" content=\"Zdravje Shop\" \/>\n<meta property=\"og:image\" content=\"https:\/\/www.zdravje-plus.com\/shop\/wp-content\/uploads\/2025\/09\/cardifix.jpg\" \/>\n\t<meta property=\"og:image:width\" content=\"250\" \/>\n\t<meta property=\"og:image:height\" content=\"300\" \/>\n\t<meta property=\"og:image:type\" content=\"image\/jpeg\" \/>\n<meta name=\"twitter:card\" content=\"summary_large_image\" \/>\n<meta name=\"twitter:label1\" content=\"Est. reading time\" \/>\n\t<meta name=\"twitter:data1\" content=\"5 minut\" \/>\n<script type=\"application\/ld+json\" class=\"yoast-schema-graph\">{\"@context\":\"https:\\\/\\\/schema.org\",\"@graph\":[{\"@type\":\"WebPage\",\"@id\":\"https:\\\/\\\/www.zdravje-plus.com\\\/shop\\\/izdelek\\\/cardifix\\\/\",\"url\":\"https:\\\/\\\/www.zdravje-plus.com\\\/shop\\\/izdelek\\\/cardifix\\\/\",\"name\":\"Cardifix - Zdravje Shop\",\"isPartOf\":{\"@id\":\"https:\\\/\\\/www.zdravje-plus.com\\\/shop\\\/#website\"},\"primaryImageOfPage\":{\"@id\":\"https:\\\/\\\/www.zdravje-plus.com\\\/shop\\\/izdelek\\\/cardifix\\\/#primaryimage\"},\"image\":{\"@id\":\"https:\\\/\\\/www.zdravje-plus.com\\\/shop\\\/izdelek\\\/cardifix\\\/#primaryimage\"},\"thumbnailUrl\":\"https:\\\/\\\/www.zdravje-plus.com\\\/shop\\\/wp-content\\\/uploads\\\/2025\\\/09\\\/cardifix.jpg\",\"datePublished\":\"2025-09-06T18:32:48+00:00\",\"breadcrumb\":{\"@id\":\"https:\\\/\\\/www.zdravje-plus.com\\\/shop\\\/izdelek\\\/cardifix\\\/#breadcrumb\"},\"inLanguage\":\"sl-SI\",\"potentialAction\":[{\"@type\":\"ReadAction\",\"target\":[\"https:\\\/\\\/www.zdravje-plus.com\\\/shop\\\/izdelek\\\/cardifix\\\/\"]}]},{\"@type\":\"ImageObject\",\"inLanguage\":\"sl-SI\",\"@id\":\"https:\\\/\\\/www.zdravje-plus.com\\\/shop\\\/izdelek\\\/cardifix\\\/#primaryimage\",\"url\":\"https:\\\/\\\/www.zdravje-plus.com\\\/shop\\\/wp-content\\\/uploads\\\/2025\\\/09\\\/cardifix.jpg\",\"contentUrl\":\"https:\\\/\\\/www.zdravje-plus.com\\\/shop\\\/wp-content\\\/uploads\\\/2025\\\/09\\\/cardifix.jpg\",\"width\":250,\"height\":300,\"caption\":\"cardifix\"},{\"@type\":\"BreadcrumbList\",\"@id\":\"https:\\\/\\\/www.zdravje-plus.com\\\/shop\\\/izdelek\\\/cardifix\\\/#breadcrumb\",\"itemListElement\":[{\"@type\":\"ListItem\",\"position\":1,\"name\":\"Home\",\"item\":\"https:\\\/\\\/www.zdravje-plus.com\\\/shop\\\/\"},{\"@type\":\"ListItem\",\"position\":2,\"name\":\"Shop\",\"item\":\"https:\\\/\\\/www.zdravje-plus.com\\\/shop\\\/\"},{\"@type\":\"ListItem\",\"position\":3,\"name\":\"Cardifix\"}]},{\"@type\":\"WebSite\",\"@id\":\"https:\\\/\\\/www.zdravje-plus.com\\\/shop\\\/#website\",\"url\":\"https:\\\/\\\/www.zdravje-plus.com\\\/shop\\\/\",\"name\":\"Zdravje Shop\",\"description\":\"\",\"potentialAction\":[{\"@type\":\"SearchAction\",\"target\":{\"@type\":\"EntryPoint\",\"urlTemplate\":\"https:\\\/\\\/www.zdravje-plus.com\\\/shop\\\/?s={search_term_string}\"},\"query-input\":{\"@type\":\"PropertyValueSpecification\",\"valueRequired\":true,\"valueName\":\"search_term_string\"}}],\"inLanguage\":\"sl-SI\"}]}<\/script>\n<!-- \/ Yoast SEO plugin. -->","yoast_head_json":{"title":"Cardifix - Zdravje Shop","robots":{"index":"index","follow":"follow","max-snippet":"max-snippet:-1","max-image-preview":"max-image-preview:large","max-video-preview":"max-video-preview:-1"},"canonical":"https:\/\/www.zdravje-plus.com\/shop\/izdelek\/cardifix\/","og_locale":"sl_SI","og_type":"article","og_title":"Cardifix - Zdravje Shop","og_description":"Cardifix so kapsule, namenjene podpori pri uravnavanju hipertenzije. Hipertenzija ali povi\u0161an krvni tlak je stanje, pri katerem je sila krvi na stene arterij stalno previsoka. To lahko s\u010dasoma po\u0161koduje krvne \u017eile in povzro\u010di resne zdravstvene te\u017eave, kot so bolezni srca, mo\u017eganska kap in odpoved ledvic. Cardifix je formuliran tako, da s svojimi naravnimi sestavinami pomaga [&hellip;]","og_url":"https:\/\/www.zdravje-plus.com\/shop\/izdelek\/cardifix\/","og_site_name":"Zdravje Shop","og_image":[{"width":250,"height":300,"url":"https:\/\/www.zdravje-plus.com\/shop\/wp-content\/uploads\/2025\/09\/cardifix.jpg","type":"image\/jpeg"}],"twitter_card":"summary_large_image","twitter_misc":{"Est. reading time":"5 minut"},"schema":{"@context":"https:\/\/schema.org","@graph":[{"@type":"WebPage","@id":"https:\/\/www.zdravje-plus.com\/shop\/izdelek\/cardifix\/","url":"https:\/\/www.zdravje-plus.com\/shop\/izdelek\/cardifix\/","name":"Cardifix - Zdravje Shop","isPartOf":{"@id":"https:\/\/www.zdravje-plus.com\/shop\/#website"},"primaryImageOfPage":{"@id":"https:\/\/www.zdravje-plus.com\/shop\/izdelek\/cardifix\/#primaryimage"},"image":{"@id":"https:\/\/www.zdravje-plus.com\/shop\/izdelek\/cardifix\/#primaryimage"},"thumbnailUrl":"https:\/\/www.zdravje-plus.com\/shop\/wp-content\/uploads\/2025\/09\/cardifix.jpg","datePublished":"2025-09-06T18:32:48+00:00","breadcrumb":{"@id":"https:\/\/www.zdravje-plus.com\/shop\/izdelek\/cardifix\/#breadcrumb"},"inLanguage":"sl-SI","potentialAction":[{"@type":"ReadAction","target":["https:\/\/www.zdravje-plus.com\/shop\/izdelek\/cardifix\/"]}]},{"@type":"ImageObject","inLanguage":"sl-SI","@id":"https:\/\/www.zdravje-plus.com\/shop\/izdelek\/cardifix\/#primaryimage","url":"https:\/\/www.zdravje-plus.com\/shop\/wp-content\/uploads\/2025\/09\/cardifix.jpg","contentUrl":"https:\/\/www.zdravje-plus.com\/shop\/wp-content\/uploads\/2025\/09\/cardifix.jpg","width":250,"height":300,"caption":"cardifix"},{"@type":"BreadcrumbList","@id":"https:\/\/www.zdravje-plus.com\/shop\/izdelek\/cardifix\/#breadcrumb","itemListElement":[{"@type":"ListItem","position":1,"name":"Home","item":"https:\/\/www.zdravje-plus.com\/shop\/"},{"@type":"ListItem","position":2,"name":"Shop","item":"https:\/\/www.zdravje-plus.com\/shop\/"},{"@type":"ListItem","position":3,"name":"Cardifix"}]},{"@type":"WebSite","@id":"https:\/\/www.zdravje-plus.com\/shop\/#website","url":"https:\/\/www.zdravje-plus.com\/shop\/","name":"Zdravje Shop","description":"","potentialAction":[{"@type":"SearchAction","target":{"@type":"EntryPoint","urlTemplate":"https:\/\/www.zdravje-plus.com\/shop\/?s={search_term_string}"},"query-input":{"@type":"PropertyValueSpecification","valueRequired":true,"valueName":"search_term_string"}}],"inLanguage":"sl-SI"}]}},"_links":{"self":[{"href":"https:\/\/www.zdravje-plus.com\/shop\/wp-json\/wp\/v2\/product\/97","targetHints":{"allow":["GET"]}}],"collection":[{"href":"https:\/\/www.zdravje-plus.com\/shop\/wp-json\/wp\/v2\/product"}],"about":[{"href":"https:\/\/www.zdravje-plus.com\/shop\/wp-json\/wp\/v2\/types\/product"}],"wp:featuredmedia":[{"embeddable":true,"href":"https:\/\/www.zdravje-plus.com\/shop\/wp-json\/wp\/v2\/media\/98"}],"wp:attachment":[{"href":"https:\/\/www.zdravje-plus.com\/shop\/wp-json\/wp\/v2\/media?parent=97"}],"wp:term":[{"taxonomy":"product_brand","embeddable":true,"href":"https:\/\/www.zdravje-plus.com\/shop\/wp-json\/wp\/v2\/product_brand?post=97"},{"taxonomy":"product_cat","embeddable":true,"href":"https:\/\/www.zdravje-plus.com\/shop\/wp-json\/wp\/v2\/product_cat?post=97"},{"taxonomy":"product_tag","embeddable":true,"href":"https:\/\/www.zdravje-plus.com\/shop\/wp-json\/wp\/v2\/product_tag?post=97"}],"curies":[{"name":"wp","href":"https:\/\/api.w.org\/{rel}","templated":true}]}}